{"id":1806,"date":"2023-04-12T17:24:05","date_gmt":"2023-04-12T20:24:05","guid":{"rendered":"https:\/\/studiodentaljc.com.br\/?page_id=1806"},"modified":"2023-04-25T18:00:12","modified_gmt":"2023-04-25T21:00:12","slug":"nosso-laboratorio","status":"publish","type":"page","link":"https:\/\/studiodentaljc.com.br\/index.php\/nosso-laboratorio\/","title":{"rendered":"Nosso Laborat\u00f3rio"},"content":{"rendered":"\t\t<div data-elementor-type=\"wp-page\" data-elementor-id=\"1806\" class=\"elementor elementor-1806\">\n\t\t\t\t\t\t\t\t\t<section class=\"elementor-section elementor-top-section elementor-element elementor-element-118f9c4 elementor-section-boxed elementor-section-height-default elementor-section-height-default\" data-id=\"118f9c4\" data-element_type=\"section\" data-settings=\"{&quot;_ha_eqh_enable&quot;:false}\">\n\t\t\t\t\t\t<div class=\"elementor-container elementor-column-gap-default\">\n\t\t\t\t\t<div class=\"elementor-column elementor-col-100 elementor-top-column elementor-element elementor-element-bf3b038\" data-id=\"bf3b038\" data-element_type=\"column\">\n\t\t\t<div class=\"elementor-widget-wrap elementor-element-populated\">\n\t\t\t\t\t\t\t\t<div class=\"elementor-element elementor-element-41cacd0 elementor-widget elementor-widget-text-editor\" data-id=\"41cacd0\" data-element_type=\"widget\" data-widget_type=\"text-editor.default\">\n\t\t\t\t<div class=\"elementor-widget-container\">\n\t\t\t<style>\/*! elementor - v3.12.2 - 23-04-2023 *\/\n.elementor-widget-text-editor.elementor-drop-cap-view-stacked .elementor-drop-cap{background-color:#69727d;color:#fff}.elementor-widget-text-editor.elementor-drop-cap-view-framed .elementor-drop-cap{color:#69727d;border:3px solid;background-color:transparent}.elementor-widget-text-editor:not(.elementor-drop-cap-view-default) .elementor-drop-cap{margin-top:8px}.elementor-widget-text-editor:not(.elementor-drop-cap-view-default) .elementor-drop-cap-letter{width:1em;height:1em}.elementor-widget-text-editor .elementor-drop-cap{float:left;text-align:center;line-height:1;font-size:50px}.elementor-widget-text-editor .elementor-drop-cap-letter{display:inline-block}<\/style>\t\t\t\t<p>N\u00f3s possuimos um laborat\u00f3rio de pr\u00f3tese dent\u00e1ria pr\u00f3prio, ou seja, integrado ao consult\u00f3rio. Dessa forma, podemos oferecer aos nossos pacientes tratamentos odontol\u00f3gicos mais r\u00e1pidos e pr\u00f3teses cada vez mais precisas de acordo com cada necessidade.<\/p><p>Nosso laborat\u00f3rio interno \u00e9 equipado com os mais modernos sistemas computadorizados, como por exemplo o sistema alem\u00e3o Cerec Sirona e a austr\u00edaca Ceramill Motion II AmannGirrbach. Ambos os sistemas s\u00e3o compostos com softwares de \u00faltima gera\u00e7\u00e3o e impressoras 3D de dentes.<\/p><p>As impressoras 3D de dentes esculpem diversos tipos de pr\u00f3teses dent\u00e1rias em bloco bruto de porcelana de acordo com projeto computadorizado personalizado para cada paciente. Os sistemas digitais de nosso laborat\u00f3rio de pr\u00f3tese dent\u00e1ria tornam os trabalhos prot\u00e9ticos mais r\u00e1pidos e a comunica\u00e7\u00e3o mais precisa.<\/p>\t\t\t\t\t\t<\/div>\n\t\t\t\t<\/div>\n\t\t\t\t\t<\/div>\n\t\t<\/div>\n\t\t\t\t\t\t\t<\/div>\n\t\t<\/section>\n\t\t\t\t<section class=\"elementor-section elementor-top-section elementor-element elementor-element-62a045a elementor-section-boxed elementor-section-height-default elementor-section-height-default\" data-id=\"62a045a\" data-element_type=\"section\" data-settings=\"{&quot;_ha_eqh_enable&quot;:false}\">\n\t\t\t\t\t\t<div class=\"elementor-container elementor-column-gap-default\">\n\t\t\t\t\t<div class=\"elementor-column elementor-col-100 elementor-top-column elementor-element elementor-element-0061bca\" data-id=\"0061bca\" data-element_type=\"column\">\n\t\t\t<div class=\"elementor-widget-wrap elementor-element-populated\">\n\t\t\t\t\t\t\t\t<div class=\"elementor-element elementor-element-ce02355 elementor-widget elementor-widget-text-editor\" data-id=\"ce02355\" data-element_type=\"widget\" data-widget_type=\"text-editor.default\">\n\t\t\t\t<div class=\"elementor-widget-container\">\n\t\t\t\t\t\t\tRapidez em seu\t\t\t\t\t\t<\/div>\n\t\t\t\t<\/div>\n\t\t\t\t<div class=\"elementor-element elementor-element-a72ddcd elementor-widget elementor-widget-text-editor\" data-id=\"a72ddcd\" data-element_type=\"widget\" data-widget_type=\"text-editor.default\">\n\t\t\t\t<div class=\"elementor-widget-container\">\n\t\t\t\t\t\t\t<p>Day Clinic<\/p>\t\t\t\t\t\t<\/div>\n\t\t\t\t<\/div>\n\t\t\t\t<div class=\"elementor-element elementor-element-15baa4f elementor-widget elementor-widget-text-editor\" data-id=\"15baa4f\" data-element_type=\"widget\" data-widget_type=\"text-editor.default\">\n\t\t\t\t<div class=\"elementor-widget-container\">\n\t\t\t\t\t\t\t<p>Para maior rapidez e qualidade dos trabalhos, o laborat\u00f3rio de pr\u00f3tese dent\u00e1ria \u00e9 composto por uma equipe especializada e sistemas de \u00faltima gera\u00e7\u00e3o dentro da cl\u00ednica. Somos a primeira cl\u00ednica odontol\u00f3gica em S\u00e3o Paulo e certamente uma das primeiras do Brasil a oferecer estas tecnologias.<\/p><p>Todos os sistemas s\u00e3o baseados no sistema Cad\/Cam, em que o modelo \u00e9 escaneado em leitores por contato ou ent\u00e3o por raios lasers. Todas as informa\u00e7\u00f5es coletadas pelo computador s\u00e3o enviadas pela internet. Dessa forma, os copings s\u00e3o produzidos de forma individual por rob\u00f4s (impressoras 3d de dentes). Nosso laborat\u00f3rio de pr\u00f3tese dent\u00e1ria pode realizar uma gama de procedimentos com alta qualidade como por exemplo:<\/p>\t\t\t\t\t\t<\/div>\n\t\t\t\t<\/div>\n\t\t\t\t\t<\/div>\n\t\t<\/div>\n\t\t\t\t\t\t\t<\/div>\n\t\t<\/section>\n\t\t\t\t<section class=\"elementor-section elementor-top-section elementor-element elementor-element-1655bf5 elementor-section-boxed elementor-section-height-default elementor-section-height-default\" data-id=\"1655bf5\" data-element_type=\"section\" data-settings=\"{&quot;_ha_eqh_enable&quot;:false}\">\n\t\t\t\t\t\t<div class=\"elementor-container elementor-column-gap-default\">\n\t\t\t\t\t<div class=\"elementor-column elementor-col-33 elementor-top-column elementor-element elementor-element-a94556a animated-slow elementor-invisible\" data-id=\"a94556a\" data-element_type=\"column\" data-settings=\"{&quot;background_background&quot;:&quot;classic&quot;,&quot;animation&quot;:&quot;fadeInUp&quot;}\">\n\t\t\t<div class=\"elementor-widget-wrap elementor-element-populated\">\n\t\t\t\t\t\t\t\t<div class=\"elementor-element elementor-element-609fcdb elementor-widget elementor-widget-heading\" data-id=\"609fcdb\" data-element_type=\"widget\" data-widget_type=\"heading.default\">\n\t\t\t\t<div class=\"elementor-widget-container\">\n\t\t\t<style>\/*! elementor - v3.12.2 - 23-04-2023 *\/\n.elementor-heading-title{padding:0;margin:0;line-height:1}.elementor-widget-heading .elementor-heading-title[class*=elementor-size-]>a{color:inherit;font-size:inherit;line-height:inherit}.elementor-widget-heading .elementor-heading-title.elementor-size-small{font-size:15px}.elementor-widget-heading .elementor-heading-title.elementor-size-medium{font-size:19px}.elementor-widget-heading .elementor-heading-title.elementor-size-large{font-size:29px}.elementor-widget-heading .elementor-heading-title.elementor-size-xl{font-size:39px}.elementor-widget-heading .elementor-heading-title.elementor-size-xxl{font-size:59px}<\/style><h6 class=\"elementor-heading-title elementor-size-default\">Solu\u00e7\u00f5es Criativas e Computadorizadas<\/h6>\t\t<\/div>\n\t\t\t\t<\/div>\n\t\t\t\t\t<\/div>\n\t\t<\/div>\n\t\t\t\t<div class=\"elementor-column elementor-col-33 elementor-top-column elementor-element elementor-element-3ac72e0 animated-slow elementor-invisible\" data-id=\"3ac72e0\" data-element_type=\"column\" data-settings=\"{&quot;background_background&quot;:&quot;classic&quot;,&quot;animation&quot;:&quot;fadeInUp&quot;,&quot;animation_delay&quot;:100}\">\n\t\t\t<div class=\"elementor-widget-wrap elementor-element-populated\">\n\t\t\t\t\t\t\t\t<div class=\"elementor-element elementor-element-1d4004d elementor-widget elementor-widget-heading\" data-id=\"1d4004d\" data-element_type=\"widget\" data-widget_type=\"heading.default\">\n\t\t\t\t<div class=\"elementor-widget-container\">\n\t\t\t<h6 class=\"elementor-heading-title elementor-size-default\">Scanner intra oral \n<\/h6>\t\t<\/div>\n\t\t\t\t<\/div>\n\t\t\t\t\t<\/div>\n\t\t<\/div>\n\t\t\t\t<div class=\"elementor-column elementor-col-33 elementor-top-column elementor-element elementor-element-2341cb4 animated-slow elementor-invisible\" data-id=\"2341cb4\" data-element_type=\"column\" data-settings=\"{&quot;background_background&quot;:&quot;classic&quot;,&quot;animation&quot;:&quot;fadeInUp&quot;,&quot;animation_delay&quot;:200}\">\n\t\t\t<div class=\"elementor-widget-wrap elementor-element-populated\">\n\t\t\t\t\t\t\t\t<div class=\"elementor-element elementor-element-31c9ec8 elementor-widget elementor-widget-heading\" data-id=\"31c9ec8\" data-element_type=\"widget\" data-widget_type=\"heading.default\">\n\t\t\t\t<div class=\"elementor-widget-container\">\n\t\t\t<h6 class=\"elementor-heading-title elementor-size-default\">Impressora 3D \n<\/h6>\t\t<\/div>\n\t\t\t\t<\/div>\n\t\t\t\t\t<\/div>\n\t\t<\/div>\n\t\t\t\t\t\t\t<\/div>\n\t\t<\/section>\n\t\t\t\t<section class=\"elementor-section elementor-top-section elementor-element elementor-element-70eff06 elementor-section-boxed elementor-section-height-default elementor-section-height-default\" data-id=\"70eff06\" data-element_type=\"section\" data-settings=\"{&quot;_ha_eqh_enable&quot;:false}\">\n\t\t\t\t\t\t<div class=\"elementor-container elementor-column-gap-default\">\n\t\t\t\t\t<div class=\"elementor-column elementor-col-100 elementor-top-column elementor-element elementor-element-cb78db3\" data-id=\"cb78db3\" data-element_type=\"column\">\n\t\t\t<div class=\"elementor-widget-wrap elementor-element-populated\">\n\t\t\t\t\t\t\t\t<div class=\"elementor-element elementor-element-a72078f elementor-widget elementor-widget-text-editor\" data-id=\"a72078f\" data-element_type=\"widget\" data-widget_type=\"text-editor.default\">\n\t\t\t\t<div class=\"elementor-widget-container\">\n\t\t\t\t\t\t\t<p>Garantindo o melhor para nossos pacientes, entregando muita naturalidade, sem deixar seu sorriso passar despercebido\u2026<\/p>\t\t\t\t\t\t<\/div>\n\t\t\t\t<\/div>\n\t\t\t\t<div class=\"elementor-element elementor-element-2d83e76 elementor-align-center elementor-widget-tablet__width-initial elementor-widget-mobile__width-inherit elementor-widget elementor-widget-button\" data-id=\"2d83e76\" data-element_type=\"widget\" data-widget_type=\"button.default\">\n\t\t\t\t<div class=\"elementor-widget-container\">\n\t\t\t\t\t<div class=\"elementor-button-wrapper\">\n\t\t\t<a href=\"https:\/\/wa.me\/5511949387642\" class=\"elementor-button-link elementor-button elementor-size-md elementor-animation-shrink\" role=\"button\">\n\t\t\t\t\t\t<span class=\"elementor-button-content-wrapper\">\n\t\t\t\t\t\t\t<span class=\"elementor-button-icon elementor-align-icon-left\">\n\t\t\t\t<i aria-hidden=\"true\" class=\"fab fa-whatsapp\"><\/i>\t\t\t<\/span>\n\t\t\t\t\t\t<span class=\"elementor-button-text\">Agende sua avalia\u00e7\u00e3o<\/span>\n\t\t<\/span>\n\t\t\t\t\t<\/a>\n\t\t<\/div>\n\t\t\t\t<\/div>\n\t\t\t\t<\/div>\n\t\t\t\t\t<\/div>\n\t\t<\/div>\n\t\t\t\t\t\t\t<\/div>\n\t\t<\/section>\n\t\t\t\t\t\t\t<\/div>\n\t\t","protected":false},"excerpt":{"rendered":"<p>N\u00f3s possuimos um laborat\u00f3rio de pr\u00f3tese dent\u00e1ria pr\u00f3prio, ou seja, integrado ao consult\u00f3rio. Dessa forma, podemos oferecer aos nossos pacientes tratamentos odontol\u00f3gicos mais r\u00e1pidos e pr\u00f3teses cada vez mais precisas de acordo com cada necessidade. Nosso laborat\u00f3rio interno \u00e9 equipado com os mais modernos sistemas computadorizados, como por exemplo o sistema alem\u00e3o Cerec Sirona e [&hellip;]<\/p>\n","protected":false},"author":1,"featured_media":0,"parent":0,"menu_order":0,"comment_status":"closed","ping_status":"closed","template":"elementor_header_footer","meta":{"_joinchat":[]},"_links":{"self":[{"href":"https:\/\/studiodentaljc.com.br\/index.php\/wp-json\/wp\/v2\/pages\/1806"}],"collection":[{"href":"https:\/\/studiodentaljc.com.br\/index.php\/wp-json\/wp\/v2\/pages"}],"about":[{"href":"https:\/\/studiodentaljc.com.br\/index.php\/wp-json\/wp\/v2\/types\/page"}],"author":[{"embeddable":true,"href":"https:\/\/studiodentaljc.com.br\/index.php\/wp-json\/wp\/v2\/users\/1"}],"replies":[{"embeddable":true,"href":"https:\/\/studiodentaljc.com.br\/index.php\/wp-json\/wp\/v2\/comments?post=1806"}],"version-history":[{"count":76,"href":"https:\/\/studiodentaljc.com.br\/index.php\/wp-json\/wp\/v2\/pages\/1806\/revisions"}],"predecessor-version":[{"id":2437,"href":"https:\/\/studiodentaljc.com.br\/index.php\/wp-json\/wp\/v2\/pages\/1806\/revisions\/2437"}],"wp:attachment":[{"href":"https:\/\/studiodentaljc.com.br\/index.php\/wp-json\/wp\/v2\/media?parent=1806"}],"curies":[{"name":"wp","href":"https:\/\/api.w.org\/{rel}","templated":true}]}}